{"id":9,"date":"2026-02-24T09:58:15","date_gmt":"2026-02-24T09:58:15","guid":{"rendered":"https:\/\/chainupdate.site\/?page_id=9"},"modified":"2026-02-24T09:58:15","modified_gmt":"2026-02-24T09:58:15","slug":"trang-chu","status":"publish","type":"page","link":"https:\/\/chainupdate.site\/","title":{"rendered":"Trang ch\u1ee7"},"content":{"rendered":"\n<!-- ========== HERO BANNER ========== -->\n<section class=\"cu-hero\">\n  <div class=\"cu-hero__bg-anim\">\n    <span><\/span><span><\/span><span><\/span><span><\/span><span><\/span>\n  <\/div>\n  <div class=\"cu-container\">\n    <div class=\"cu-hero__content\">\n      <span class=\"cu-badge\">\ud83d\udd17 Blockchain \u00b7 Web3 \u00b7 Crypto<\/span>\n      <h1 class=\"cu-hero__title\">C\u1eadp Nh\u1eadt Th\u1ebf Gi\u1edbi <br><span class=\"cu-gradient-text\">Blockchain<\/span> M\u1ed7i Ng\u00e0y<\/h1>\n      <p class=\"cu-hero__desc\">Tin t\u1ee9c m\u1edbi nh\u1ea5t, ph\u00e2n t\u00edch chuy\u00ean s\u00e2u v\u00e0 xu h\u01b0\u1edbng c\u00f4ng ngh\u1ec7 blockchain, DeFi, NFT, v\u00e0 Web3 d\u00e0nh cho c\u1ed9ng \u0111\u1ed3ng Vi\u1ec7t Nam.<\/p>\n      <div class=\"cu-hero__btns\">\n        <a href=\"\/blog\" class=\"cu-btn cu-btn--primary\">Kh\u00e1m Ph\u00e1 Blog<\/a>\n        <a href=\"#cu-about\" class=\"cu-btn cu-btn--outline\">V\u1ec1 Ch\u00fang T\u00f4i<\/a>\n      <\/div>\n      <div class=\"cu-hero__stats\">\n        <div class=\"cu-stat\"><strong>500+<\/strong><span>B\u00e0i vi\u1ebft<\/span><\/div>\n        <div class=\"cu-stat-divider\"><\/div>\n        <div class=\"cu-stat\"><strong>50K+<\/strong><span>\u0110\u1ed9c gi\u1ea3<\/span><\/div>\n        <div class=\"cu-stat-divider\"><\/div>\n        <div class=\"cu-stat\"><strong>Daily<\/strong><span>C\u1eadp nh\u1eadt<\/span><\/div>\n      <\/div>\n    <\/div>\n    <div class=\"cu-hero__visual\">\n      <div class=\"cu-hero__orb\"><\/div>\n      <div class=\"cu-hero__card cu-hero__card--1\">\n        <span class=\"cu-hero__card-icon\">\u20bf<\/span>\n        <div><strong>Bitcoin<\/strong><span class=\"cu-green\">+2.4%<\/span><\/div>\n      <\/div>\n      <div class=\"cu-hero__card cu-hero__card--2\">\n        <span class=\"cu-hero__card-icon cu-eth\">\u039e<\/span>\n        <div><strong>Ethereum<\/strong><span class=\"cu-green\">+1.8%<\/span><\/div>\n      <\/div>\n      <div class=\"cu-hero__card cu-hero__card--3\">\n        <span class=\"cu-hero__card-icon cu-sol\">\u25ce<\/span>\n        <div><strong>Solana<\/strong><span class=\"cu-red\">-0.5%<\/span><\/div>\n      <\/div>\n    <\/div>\n  <\/div>\n<\/section>\n\n<!-- ========== LATEST NEWS ========== -->\n<section class=\"cu-section cu-news\" id=\"cu-news\">\n  <div class=\"cu-container\">\n    <div class=\"cu-section__header\">\n      <span class=\"cu-label\">\ud83d\udcf0 Tin T\u1ee9c<\/span>\n      <h2 class=\"cu-section__title\">B\u00e0i Vi\u1ebft <span class=\"cu-gradient-text\">M\u1edbi Nh\u1ea5t<\/span><\/h2>\n      <p class=\"cu-section__sub\">C\u1eadp nh\u1eadt li\u00ean t\u1ee5c c\u00e1c tin t\u1ee9c n\u00f3ng h\u1ed5i t\u1eeb th\u1ebf gi\u1edbi blockchain v\u00e0 ti\u1ec1n \u0111i\u1ec7n t\u1eed<\/p>\n    <\/div>\n    <div class=\"cu-news__grid\">\n      <div class=\"cu-news__featured\">\n        <div class=\"cu-news-card cu-news-card--featured\">\n          <div class=\"cu-news-card__img-wrap\">\n            <div class=\"cu-news-card__img-placeholder\">\n              <span>\ud83d\udd17<\/span>\n            <\/div>\n            <span class=\"cu-news-card__cat\">DeFi<\/span>\n          <\/div>\n          <div class=\"cu-news-card__body\">\n            <span class=\"cu-news-card__date\">24 Th\u00e1ng 2, 2026<\/span>\n            <h3 class=\"cu-news-card__title\">Bitcoin V\u01b0\u1ee3t M\u1ed1c L\u1ecbch S\u1eed: T\u01b0\u01a1ng Lai C\u1ee7a T\u00e0i Ch\u00ednh Phi T\u1eadp Trung<\/h3>\n            <p class=\"cu-news-card__excerpt\">Ph\u00e2n t\u00edch chuy\u00ean s\u00e2u v\u1ec1 \u0111\u1ee3t t\u0103ng gi\u00e1 m\u1ea1nh m\u1ebd c\u1ee7a Bitcoin v\u00e0 t\u00e1c \u0111\u1ed9ng \u0111\u1ebfn to\u00e0n b\u1ed9 th\u1ecb tr\u01b0\u1eddng crypto trong n\u0103m 2026&#8230;<\/p>\n            <a href=\"\/blog\" class=\"cu-news-card__link\">\u0110\u1ecdc th\u00eam <span>\u2192<\/span><\/a>\n          <\/div>\n        <\/div>\n      <\/div>\n      <div class=\"cu-news__sidebar\">\n        <div class=\"cu-news-card cu-news-card--small\">\n          <div class=\"cu-news-card__img-placeholder cu-news-card__img-placeholder--sm\"><span>\u27e0<\/span><\/div>\n          <div class=\"cu-news-card__body\">\n            <span class=\"cu-news-card__cat\">Web3<\/span>\n            <h4>Ethereum 3.0: N\u00e2ng C\u1ea5p To\u00e0n Di\u1ec7n H\u1ec7 Sinh Th\u00e1i<\/h4>\n            <span class=\"cu-news-card__date\">22 Th\u00e1ng 2, 2026<\/span>\n          <\/div>\n        <\/div>\n        <div class=\"cu-news-card cu-news-card--small\">\n          <div class=\"cu-news-card__img-placeholder cu-news-card__img-placeholder--sm\"><span>\ud83c\udfa8<\/span><\/div>\n          <div class=\"cu-news-card__body\">\n            <span class=\"cu-news-card__cat\">NFT<\/span>\n            <h4>NFT 2.0 V\u00e0 Cu\u1ed9c C\u00e1ch M\u1ea1ng T\u00e0i S\u1ea3n K\u1ef9 Thu\u1eadt S\u1ed1<\/h4>\n            <span class=\"cu-news-card__date\">20 Th\u00e1ng 2, 2026<\/span>\n          <\/div>\n        <\/div>\n        <div class=\"cu-news-card cu-news-card--small\">\n          <div class=\"cu-news-card__img-placeholder cu-news-card__img-placeholder--sm\"><span>\ud83c\udfdb\ufe0f<\/span><\/div>\n          <div class=\"cu-news-card__body\">\n            <span class=\"cu-news-card__cat\">Ph\u00e1p l\u00fd<\/span>\n            <h4>Quy \u0110\u1ecbnh Crypto M\u1edbi T\u1ea1i \u0110\u00f4ng Nam \u00c1 N\u0103m 2026<\/h4>\n            <span class=\"cu-news-card__date\">18 Th\u00e1ng 2, 2026<\/span>\n          <\/div>\n        <\/div>\n      <\/div>\n    <\/div>\n    <div class=\"cu-center\">\n      <a href=\"\/blog\" class=\"cu-btn cu-btn--primary\">Xem T\u1ea5t C\u1ea3 B\u00e0i Vi\u1ebft<\/a>\n    <\/div>\n  <\/div>\n<\/section>\n\n<!-- ========== ABOUT ========== -->\n<section class=\"cu-section cu-about\" id=\"cu-about\">\n  <div class=\"cu-container\">\n    <div class=\"cu-about__inner\">\n      <div class=\"cu-about__visual\">\n        <div class=\"cu-about__orb\"><\/div>\n        <div class=\"cu-about__icon-grid\">\n          <div class=\"cu-icon-box\">\u20bf<\/div>\n          <div class=\"cu-icon-box cu-icon-box--lg\">\ud83d\udd17<\/div>\n          <div class=\"cu-icon-box\">\u039e<\/div>\n          <div class=\"cu-icon-box cu-icon-box--lg\">\u2b21<\/div>\n          <div class=\"cu-icon-box\">\u25ce<\/div>\n          <div class=\"cu-icon-box cu-icon-box--lg\">\ud83c\udf10<\/div>\n        <\/div>\n      <\/div>\n      <div class=\"cu-about__content\">\n        <span class=\"cu-label\">\ud83d\udc4b V\u1ec1 Ch\u00fang T\u00f4i<\/span>\n        <h2 class=\"cu-section__title\">Ngu\u1ed3n Tin <span class=\"cu-gradient-text\">Uy T\u00edn<\/span> S\u1ed1 1 <br>V\u1ec1 Blockchain T\u1ea1i Vi\u1ec7t Nam<\/h2>\n        <p class=\"cu-about__text\">ChainUpdate.site ra \u0111\u1eddi v\u1edbi s\u1ee9 m\u1ec7nh mang \u0111\u1ebfn ngu\u1ed3n th\u00f4ng tin ch\u00ednh x\u00e1c, k\u1ecbp th\u1eddi v\u00e0 d\u1ec5 hi\u1ec3u v\u1ec1 c\u00f4ng ngh\u1ec7 blockchain, ti\u1ec1n \u0111i\u1ec7n t\u1eed v\u00e0 Web3 cho c\u1ed9ng \u0111\u1ed3ng ng\u01b0\u1eddi d\u00f9ng Vi\u1ec7t Nam.<\/p>\n        <p class=\"cu-about__text\">\u0110\u1ed9i ng\u0169 bi\u00ean t\u1eadp vi\u00ean gi\u00e0u kinh nghi\u1ec7m c\u1ee7a ch\u00fang t\u00f4i li\u00ean t\u1ee5c c\u1eadp nh\u1eadt c\u00e1c tin t\u1ee9c, ph\u00e2n t\u00edch v\u00e0 h\u01b0\u1edbng d\u1eabn chuy\u00ean s\u00e2u t\u1eeb kh\u1eafp n\u01a1i tr\u00ean th\u1ebf gi\u1edbi.<\/p>\n        <div class=\"cu-about__milestones\">\n          <div class=\"cu-milestone\">\n            <strong>2022<\/strong>\n            <span>Th\u00e0nh l\u1eadp<\/span>\n          <\/div>\n          <div class=\"cu-milestone\">\n            <strong>50K+<\/strong>\n            <span>\u0110\u1ed9c gi\u1ea3<\/span>\n          <\/div>\n          <div class=\"cu-milestone\">\n            <strong>500+<\/strong>\n            <span>B\u00e0i vi\u1ebft<\/span>\n          <\/div>\n        <\/div>\n      <\/div>\n    <\/div>\n  <\/div>\n<\/section>\n\n<!-- ========== SERVICES \/ FEATURES ========== -->\n<section class=\"cu-section cu-features\" id=\"cu-features\">\n  <div class=\"cu-container\">\n    <div class=\"cu-section__header\">\n      <span class=\"cu-label\">\u26a1 T\u00ednh N\u0103ng<\/span>\n      <h2 class=\"cu-section__title\">T\u1ea1i Sao Ch\u1ecdn <span class=\"cu-gradient-text\">ChainUpdate?<\/span><\/h2>\n      <p class=\"cu-section__sub\">Ch\u00fang t\u00f4i cung c\u1ea5p n\u1ec1n t\u1ea3ng th\u00f4ng tin blockchain to\u00e0n di\u1ec7n nh\u1ea5t d\u00e0nh cho c\u1ed9ng \u0111\u1ed3ng Vi\u1ec7t<\/p>\n    <\/div>\n    <div class=\"cu-features__grid\">\n      <div class=\"cu-feature-card\">\n        <div class=\"cu-feature-card__icon\">\u26a1<\/div>\n        <h3>C\u1eadp Nh\u1eadt T\u1ee9c Th\u00ec<\/h3>\n        <p>Tin t\u1ee9c \u0111\u01b0\u1ee3c c\u1eadp nh\u1eadt li\u00ean t\u1ee5c 24\/7, \u0111\u1ea3m b\u1ea3o b\u1ea1n kh\u00f4ng b\u1ecf l\u1ee1 b\u1ea5t k\u1ef3 bi\u1ebfn \u0111\u1ed9ng n\u00e0o tr\u00ean th\u1ecb tr\u01b0\u1eddng.<\/p>\n      <\/div>\n      <div class=\"cu-feature-card\">\n        <div class=\"cu-feature-card__icon\">\ud83d\udd0d<\/div>\n        <h3>Ph\u00e2n T\u00edch Chuy\u00ean S\u00e2u<\/h3>\n        <p>\u0110\u1ed9i ng\u0169 chuy\u00ean gia ph\u00e2n t\u00edch k\u1ef9 thu\u1eadt v\u00e0 c\u01a1 b\u1ea3n, cung c\u1ea5p g\u00f3c nh\u00ecn to\u00e0n di\u1ec7n v\u1ec1 th\u1ecb tr\u01b0\u1eddng.<\/p>\n      <\/div>\n      <div class=\"cu-feature-card\">\n        <div class=\"cu-feature-card__icon\">\ud83c\udf93<\/div>\n        <h3>Gi\u00e1o D\u1ee5c Blockchain<\/h3>\n        <p>Series b\u00e0i vi\u1ebft t\u1eeb c\u01a1 b\u1ea3n \u0111\u1ebfn n\u00e2ng cao, gi\u00fap b\u1ea1n hi\u1ec3u s\u00e2u v\u1ec1 c\u00f4ng ngh\u1ec7 blockchain v\u00e0 DeFi.<\/p>\n      <\/div>\n      <div class=\"cu-feature-card\">\n        <div class=\"cu-feature-card__icon\">\ud83c\udf10<\/div>\n        <h3>C\u1ed9ng \u0110\u1ed3ng Vi\u1ec7t Nam<\/h3>\n        <p>N\u1ed9i dung \u0111\u01b0\u1ee3c bi\u00ean so\u1ea1n b\u1eb1ng ti\u1ebfng Vi\u1ec7t, ph\u00f9 h\u1ee3p v\u1edbi b\u1ed1i c\u1ea3nh v\u00e0 nhu c\u1ea7u c\u1ee7a ng\u01b0\u1eddi d\u00f9ng Vi\u1ec7t.<\/p>\n      <\/div>\n      <div class=\"cu-feature-card\">\n        <div class=\"cu-feature-card__icon\">\ud83d\udcca<\/div>\n        <h3>D\u1eef Li\u1ec7u Th\u1ef1c T\u1ebf<\/h3>\n        <p>T\u00edch h\u1ee3p d\u1eef li\u1ec7u gi\u00e1 th\u1ef1c t\u1ebf, bi\u1ec3u \u0111\u1ed3 v\u00e0 th\u1ed1ng k\u00ea th\u1ecb tr\u01b0\u1eddng \u0111\u01b0\u1ee3c c\u1eadp nh\u1eadt theo th\u1eddi gian th\u1ef1c.<\/p>\n      <\/div>\n      <div class=\"cu-feature-card\">\n        <div class=\"cu-feature-card__icon\">\ud83d\udd14<\/div>\n        <h3>Th\u00f4ng B\u00e1o Th\u00f4ng Minh<\/h3>\n        <p>\u0110\u0103ng k\u00fd nh\u1eadn th\u00f4ng b\u00e1o khi c\u00f3 tin t\u1ee9c quan tr\u1ecdng ho\u1eb7c bi\u1ebfn \u0111\u1ed9ng l\u1edbn tr\u00ean th\u1ecb tr\u01b0\u1eddng.<\/p>\n      <\/div>\n    <\/div>\n  <\/div>\n<\/section>\n\n<!-- ========== TESTIMONIALS ========== -->\n<section class=\"cu-section cu-testimonials\" id=\"cu-testimonials\">\n  <div class=\"cu-container\">\n    <div class=\"cu-section__header\">\n      <span class=\"cu-label\">\ud83d\udcac \u0110\u00e1nh Gi\u00e1<\/span>\n      <h2 class=\"cu-section__title\">\u0110\u1ed9c Gi\u1ea3 N\u00f3i G\u00ec V\u1ec1 <span class=\"cu-gradient-text\">ChainUpdate?<\/span><\/h2>\n    <\/div>\n    <div class=\"cu-testimonials__grid\">\n      <div class=\"cu-testimonial-card\">\n        <div class=\"cu-testimonial-card__stars\">\u2605\u2605\u2605\u2605\u2605<\/div>\n        <p class=\"cu-testimonial-card__text\">&#8220;ChainUpdate l\u00e0 ngu\u1ed3n tin t\u00f4i \u0111\u1ecdc m\u1ed7i s\u00e1ng. Th\u00f4ng tin ch\u00ednh x\u00e1c, ph\u00e2n t\u00edch s\u00e2u s\u1eafc, giao di\u1ec7n d\u1ec5 \u0111\u1ecdc. Kh\u00f4ng c\u00f3 n\u01a1i n\u00e0o t\u1ed1t h\u01a1n \u0111\u1ec3 theo d\u00f5i tin t\u1ee9c blockchain ti\u1ebfng Vi\u1ec7t!&#8221;<\/p>\n        <div class=\"cu-testimonial-card__author\">\n          <div class=\"cu-testimonial-card__avatar\">NM<\/div>\n          <div>\n            <strong>Nguy\u1ec5n Minh<\/strong>\n            <span>Nh\u00e0 \u0111\u1ea7u t\u01b0 Crypto<\/span>\n          <\/div>\n        <\/div>\n      <\/div>\n      <div class=\"cu-testimonial-card cu-testimonial-card--featured\">\n        <div class=\"cu-testimonial-card__stars\">\u2605\u2605\u2605\u2605\u2605<\/div>\n        <p class=\"cu-testimonial-card__text\">&#8220;T\u1eeb khi theo d\u00f5i ChainUpdate, t\u00f4i hi\u1ec3u th\u1ecb tr\u01b0\u1eddng h\u01a1n r\u1ea5t nhi\u1ec1u. C\u00e1c b\u00e0i ph\u00e2n t\u00edch DeFi v\u00e0 NFT r\u1ea5t ch\u1ea5t l\u01b0\u1ee3ng, gi\u00fap t\u00f4i \u0111\u01b0a ra quy\u1ebft \u0111\u1ecbnh \u0111\u1ea7u t\u01b0 t\u1ed1t h\u01a1n.&#8221;<\/p>\n        <div class=\"cu-testimonial-card__author\">\n          <div class=\"cu-testimonial-card__avatar\">TL<\/div>\n          <div>\n            <strong>Tr\u1ea7n Linh<\/strong>\n            <span>Developer Web3<\/span>\n          <\/div>\n        <\/div>\n      <\/div>\n      <div class=\"cu-testimonial-card\">\n        <div class=\"cu-testimonial-card__stars\">\u2605\u2605\u2605\u2605\u2605<\/div>\n        <p class=\"cu-testimonial-card__text\">&#8220;N\u1ed9i dung ti\u1ebfng Vi\u1ec7t ch\u1ea5t l\u01b0\u1ee3ng cao v\u1ec1 blockchain hi\u1ebfm l\u1eafm. ChainUpdate l\u00e0m \u0111\u01b0\u1ee3c \u0111i\u1ec1u \u0111\u00f3! T\u00f4i \u0111\u00e3 gi\u1edbi thi\u1ec7u cho t\u1ea5t c\u1ea3 b\u1ea1n b\u00e8 trong c\u1ed9ng \u0111\u1ed3ng crypto c\u1ee7a m\u00ecnh.&#8221;<\/p>\n        <div class=\"cu-testimonial-card__author\">\n          <div class=\"cu-testimonial-card__avatar\">PH<\/div>\n          <div>\n            <strong>Ph\u00fac H\u1ea3i<\/strong>\n            <span>Blockchain Enthusiast<\/span>\n          <\/div>\n        <\/div>\n      <\/div>\n    <\/div>\n  <\/div>\n<\/section>\n\n<!-- ========== CTA ========== -->\n<section class=\"cu-section cu-cta\" id=\"cu-cta\">\n  <div class=\"cu-container\">\n    <div class=\"cu-cta__inner\">\n      <div class=\"cu-cta__bg-orb cu-cta__bg-orb--1\"><\/div>\n      <div class=\"cu-cta__bg-orb cu-cta__bg-orb--2\"><\/div>\n      <span class=\"cu-label\">\ud83d\ude80 B\u1eaft \u0110\u1ea7u Ngay<\/span>\n      <h2 class=\"cu-cta__title\">\u0110\u1eebng B\u1ecf L\u1ee1 B\u1ea5t K\u1ef3 <br><span class=\"cu-gradient-text\">Tin T\u1ee9c Blockchain<\/span> N\u00e0o!<\/h2>\n      <p class=\"cu-cta__desc\">Tham gia c\u00f9ng h\u01a1n 50.000 \u0111\u1ed9c gi\u1ea3 \u0111ang theo d\u00f5i ChainUpdate m\u1ed7i ng\u00e0y. \u0110\u0103ng k\u00fd nh\u1eadn b\u1ea3n tin mi\u1ec5n ph\u00ed ngay h\u00f4m nay.<\/p>\n      <form class=\"cu-cta__form\" onsubmit=\"return false;\">\n        <input type=\"email\" placeholder=\"Nh\u1eadp \u0111\u1ecba ch\u1ec9 email c\u1ee7a b\u1ea1n...\" class=\"cu-cta__input\" \/>\n        <button type=\"submit\" class=\"cu-btn cu-btn--primary\">\u0110\u0103ng K\u00fd Mi\u1ec5n Ph\u00ed<\/button>\n      <\/form>\n      <p class=\"cu-cta__note\">\u2713 Mi\u1ec5n ph\u00ed &nbsp;\u00b7&nbsp; \u2713 Kh\u00f4ng spam &nbsp;\u00b7&nbsp; \u2713 Hu\u1ef7 b\u1ea5t c\u1ee9 l\u00fac n\u00e0o<\/p>\n    <\/div>\n  <\/div>\n<\/section>\n","protected":false},"excerpt":{"rendered":"<p>\ud83d\udd17 Blockchain \u00b7 Web3 \u00b7 Crypto C\u1eadp Nh\u1eadt Th\u1ebf Gi\u1edbi Blockchain M\u1ed7i Ng\u00e0y Tin t\u1ee9c m\u1edbi nh\u1ea5t, ph\u00e2n t\u00edch chuy\u00ean s\u00e2u v\u00e0 xu h\u01b0\u1edbng c\u00f4ng ngh\u1ec7 blockchain, DeFi, NFT, v\u00e0 Web3 d\u00e0nh cho c\u1ed9ng \u0111\u1ed3ng Vi\u1ec7t Nam. Kh\u00e1m Ph\u00e1 Blog V\u1ec1 Ch\u00fang T\u00f4i 500+B\u00e0i vi\u1ebft 50K+\u0110\u1ed9c gi\u1ea3 DailyC\u1eadp nh\u1eadt \u20bf Bitcoin+2.4% \u039e Ethereum+1.8% \u25ce Solana-0.5% [&#8230;]\n","protected":false},"author":1,"featured_media":0,"parent":0,"menu_order":0,"comment_status":"closed","ping_status":"closed","template":"","meta":{"footnotes":""},"class_list":["post-9","page","type-page","status-publish","hentry"],"_links":{"self":[{"href":"https:\/\/chainupdate.site\/index.php\/wp-json\/wp\/v2\/pages\/9","targetHints":{"allow":["GET"]}}],"collection":[{"href":"https:\/\/chainupdate.site\/index.php\/wp-json\/wp\/v2\/pages"}],"about":[{"href":"https:\/\/chainupdate.site\/index.php\/wp-json\/wp\/v2\/types\/page"}],"author":[{"embeddable":true,"href":"https:\/\/chainupdate.site\/index.php\/wp-json\/wp\/v2\/users\/1"}],"replies":[{"embeddable":true,"href":"https:\/\/chainupdate.site\/index.php\/wp-json\/wp\/v2\/comments?post=9"}],"version-history":[{"count":1,"href":"https:\/\/chainupdate.site\/index.php\/wp-json\/wp\/v2\/pages\/9\/revisions"}],"predecessor-version":[{"id":11,"href":"https:\/\/chainupdate.site\/index.php\/wp-json\/wp\/v2\/pages\/9\/revisions\/11"}],"wp:attachment":[{"href":"https:\/\/chainupdate.site\/index.php\/wp-json\/wp\/v2\/media?parent=9"}],"curies":[{"name":"wp","href":"https:\/\/api.w.org\/{rel}","templated":true}]}}